{"id":94,"date":"2016-10-18T12:38:38","date_gmt":"2016-10-18T10:38:38","guid":{"rendered":"http:\/\/pernolifont.fr\/?page_id=94"},"modified":"2016-10-18T13:14:11","modified_gmt":"2016-10-18T11:14:11","slug":"isolation","status":"publish","type":"page","link":"https:\/\/pernolifont.fr\/index.php\/isolation\/","title":{"rendered":"Isolation"},"content":{"rendered":"<h1>Vous recherchez une entreprise pour la fourniture et la pose d\u2019isolants sur Carpentras, Avignon, Orange ou Cavaillon?<\/h1>\n<p>PERNO LI FONT est sp\u00e9cialis\u00e9 dans l\u2019isolation en laine de verre, laine de roche, polystyr\u00e8ne expans\u00e9 ou extrud\u00e9.<\/p>\n<p><span style=\"text-decoration: underline;\"><strong>Nos r\u00e9alisations :<\/strong><\/span><\/p>\n<div class=\"csRow\">\n<div class=\"csColumnGap\" style=\"margin: 0px; padding: 0px; width: 1.56%; float: left;\"><img style=\"border: medium;\" src=\"http:\/\/pernolifont.fr\/wp-content\/plugins\/advanced-wp-columns\/assets\/js\/plugins\/views\/img\/1x1-pixel.png\" \/><\/div>\n<div class=\"csColumn\" style=\"margin: 0px; padding: 0px; width: 47.7%; float: left;\" data-csstartpoint=\"15\" data-csendpoint=\"472.5\" data-cswidth=\"47.7%\" data-csid=\"7e301108-4c95-83a8-a007-379db148c269\">\n<figure id=\"attachment_96\" aria-describedby=\"caption-attachment-96\" style=\"width: 423px\" class=\"wp-caption aligncenter\"><a href=\"http:\/\/pernolifont.fr\/wp-content\/uploads\/2016\/10\/PERNO-LI-FONT-isolation-des-combles-Carpentras.jpg\"><img loading=\"lazy\" class=\"size-full wp-image-96\" src=\"http:\/\/pernolifont.fr\/wp-content\/uploads\/2016\/10\/PERNO-LI-FONT-isolation-des-combles-Carpentras.jpg\" alt=\"PERNO LI FONT isolation des combles Carpentras\" width=\"423\" height=\"283\" srcset=\"https:\/\/pernolifont.fr\/wp-content\/uploads\/2016\/10\/PERNO-LI-FONT-isolation-des-combles-Carpentras.jpg 423w, https:\/\/pernolifont.fr\/wp-content\/uploads\/2016\/10\/PERNO-LI-FONT-isolation-des-combles-Carpentras-300x201.jpg 300w, https:\/\/pernolifont.fr\/wp-content\/uploads\/2016\/10\/PERNO-LI-FONT-isolation-des-combles-Carpentras-230x154.jpg 230w, https:\/\/pernolifont.fr\/wp-content\/uploads\/2016\/10\/PERNO-LI-FONT-isolation-des-combles-Carpentras-350x234.jpg 350w\" sizes=\"(max-width: 423px) 100vw, 423px\" \/><\/a><figcaption id=\"caption-attachment-96\" class=\"wp-caption-text\">Isolation des combles<\/figcaption><\/figure>\n<\/div>\n<div class=\"csColumnGap\" style=\"margin: 0px; padding: 0px; width: 1.56%; float: left;\"><img style=\"border: medium;\" src=\"http:\/\/pernolifont.fr\/wp-content\/plugins\/advanced-wp-columns\/assets\/js\/plugins\/views\/img\/1x1-pixel.png\" \/><\/div>\n<div class=\"csColumn\" style=\"margin: 0px; padding: 0px; width: 47.7%; float: left;\" data-csstartpoint=\"487.5\" data-csendpoint=\"945\" data-cswidth=\"47.7%\" data-csid=\"7bc44e0a-9725-4fe1-8718-1123be1550c8\">\n<figure id=\"attachment_98\" aria-describedby=\"caption-attachment-98\" style=\"width: 426px\" class=\"wp-caption aligncenter\"><a href=\"http:\/\/pernolifont.fr\/wp-content\/uploads\/2016\/10\/PERNO-LI-FONT-isolation-des-murs-Carpentras.jpg\"><img loading=\"lazy\" class=\"size-full wp-image-98\" src=\"http:\/\/pernolifont.fr\/wp-content\/uploads\/2016\/10\/PERNO-LI-FONT-isolation-des-murs-Carpentras.jpg\" alt=\"PERNO LI FONT isolation des murs Carpentras\" width=\"426\" height=\"282\" srcset=\"https:\/\/pernolifont.fr\/wp-content\/uploads\/2016\/10\/PERNO-LI-FONT-isolation-des-murs-Carpentras.jpg 426w, https:\/\/pernolifont.fr\/wp-content\/uploads\/2016\/10\/PERNO-LI-FONT-isolation-des-murs-Carpentras-300x199.jpg 300w, https:\/\/pernolifont.fr\/wp-content\/uploads\/2016\/10\/PERNO-LI-FONT-isolation-des-murs-Carpentras-230x152.jpg 230w, https:\/\/pernolifont.fr\/wp-content\/uploads\/2016\/10\/PERNO-LI-FONT-isolation-des-murs-Carpentras-350x232.jpg 350w\" sizes=\"(max-width: 426px) 100vw, 426px\" \/><\/a><figcaption id=\"caption-attachment-98\" class=\"wp-caption-text\">Isolation des plafonds et des murs<\/figcaption><\/figure>\n<\/div>\n<div class=\"csColumnGap\" style=\"margin: 0px; padding: 0px; width: 1.56%; float: left;\"><img style=\"border: medium;\" src=\"http:\/\/pernolifont.fr\/wp-content\/plugins\/advanced-wp-columns\/assets\/js\/plugins\/views\/img\/1x1-pixel.png\" \/><\/div>\n<div style=\"width: 0px; line-height: 0; clear: both; font-size: 0px; display: block; visibility: hidden; float: none;\"><\/div>\n<\/div>\n<p><a href=\"http:\/\/pernolifont.fr\/index.php\/baisser-consommation-denergie\/\" target=\"_blank\">Comment baisser sa consommation d\u2019\u00e9nergie?<\/a><\/p>\n<p><a href=\"http:\/\/pernolifont.fr\/index.php\/pourquoi-la-renovation-thermique\/\" target=\"_blank\">Pourquoi la r\u00e9novation thermique?<\/a><\/p>\n<p><a href=\"http:\/\/pernolifont.fr\/index.php\/faut-savoir-dentreprendre-travaux-de-renovation\/\" target=\"_blank\">Que faut-il savoir avant d\u2019entreprendre des travaux de r\u00e9novation?<\/a><\/p>\n<p>&nbsp;<\/p>\n<p><u><b>Nos Prestations :<\/b><\/u><\/p>\n<p>-Isolation des combles \u00e0 Carpentras, Avignon, Orange ou Cavaillon,<\/p>\n<p>-Isolation mince \u00e0 Carpentras, Avignon, Orange ou Cavaillon,<\/p>\n<p>-Isolation phonique \u00e0 Carpentras, Avignon, Orange ou Cavaillon,<\/p>\n<p>-Pose de panneaux isolants thermiques \u00e0 Carpentras, Avignon, Orange ou Cavaillon,<\/p>\n<p>-Isolation des plafonds \u00e0 Carpentras, Avignon, Orange ou Cavaillon,<\/p>\n<p>-Isolation des murs \u00e0 Carpentras, Avignon, Orange ou Cavaillon,<\/p>\n","protected":false},"excerpt":{"rendered":"<p>Vous recherchez une entreprise pour la fourniture et la pose d\u2019isolants sur Carpentras, Avignon, Orange ou Cavaillon? PERNO LI FONT est sp\u00e9cialis\u00e9 dans l\u2019isolation en laine de verre, laine de roche, polystyr\u00e8ne expans\u00e9 ou extrud\u00e9. Nos r\u00e9alisations : Comment baisser sa consommation d\u2019\u00e9nergie? Pourquoi la r\u00e9novation thermique? Que faut-il savoir avant d\u2019entreprendre des travaux de [&hellip;]<\/p>\n","protected":false},"author":1,"featured_media":0,"parent":0,"menu_order":0,"comment_status":"closed","ping_status":"closed","template":"","meta":[],"_links":{"self":[{"href":"https:\/\/pernolifont.fr\/index.php\/wp-json\/wp\/v2\/pages\/94"}],"collection":[{"href":"https:\/\/pernolifont.fr\/index.php\/wp-json\/wp\/v2\/pages"}],"about":[{"href":"https:\/\/pernolifont.fr\/index.php\/wp-json\/wp\/v2\/types\/page"}],"author":[{"embeddable":true,"href":"https:\/\/pernolifont.fr\/index.php\/wp-json\/wp\/v2\/users\/1"}],"replies":[{"embeddable":true,"href":"https:\/\/pernolifont.fr\/index.php\/wp-json\/wp\/v2\/comments?post=94"}],"version-history":[{"count":8,"href":"https:\/\/pernolifont.fr\/index.php\/wp-json\/wp\/v2\/pages\/94\/revisions"}],"predecessor-version":[{"id":119,"href":"https:\/\/pernolifont.fr\/index.php\/wp-json\/wp\/v2\/pages\/94\/revisions\/119"}],"wp:attachment":[{"href":"https:\/\/pernolifont.fr\/index.php\/wp-json\/wp\/v2\/media?parent=94"}],"curies":[{"name":"wp","href":"https:\/\/api.w.org\/{rel}","templated":true}]}}