{"id":85,"date":"2016-10-18T12:24:35","date_gmt":"2016-10-18T10:24:35","guid":{"rendered":"http:\/\/pernolifont.fr\/?page_id=85"},"modified":"2016-10-18T12:32:45","modified_gmt":"2016-10-18T10:32:45","slug":"menuiseries","status":"publish","type":"page","link":"https:\/\/pernolifont.fr\/index.php\/menuiseries\/","title":{"rendered":"Menuiseries"},"content":{"rendered":"<h1>Vous recherchez une entreprise pour la fourniture et la pose de menuiseries sur Carpentras, Avignon, Orange ou Cavaillon?<\/h1>\n<p>PERNO LI FONT est sp\u00e9cialis\u00e9 dans la pose de fen\u00eatres, portes fen\u00eatres, baies vitr\u00e9es et autres menuiseries en Aluminium, PVC ou bois.<\/p>\n<p>PERNO LI FONT assure la pose en neuf et en r\u00e9novation.<\/p>\n<p><span style=\"text-decoration: underline;\"><strong>Nos r\u00e9alisations :<\/strong><\/span><\/p>\n<div class=\"csRow\">\n<div class=\"csColumnGap\" style=\"margin: 0px; padding: 0px; width: 1.56%; float: left;\"><img style=\"border: medium;\" src=\"http:\/\/pernolifont.fr\/wp-content\/plugins\/advanced-wp-columns\/assets\/js\/plugins\/views\/img\/1x1-pixel.png\" \/><\/div>\n<div class=\"csColumn\" style=\"margin: 0px; padding: 0px; width: 31.3%; float: left;\" data-csstartpoint=\"15\" data-csendpoint=\"315\" data-cswidth=\"31.3%\" data-csid=\"9159ecdc-bd16-cbec-b1c6-716082b045c0\">\n<figure id=\"attachment_90\" aria-describedby=\"caption-attachment-90\" style=\"width: 300px\" class=\"wp-caption aligncenter\"><a href=\"http:\/\/pernolifont.fr\/wp-content\/uploads\/2016\/10\/PERNO-LI-FONT-Pose-de-Menuiseries-Carpentras.jpg\"><img loading=\"lazy\" class=\"size-medium wp-image-90\" src=\"http:\/\/pernolifont.fr\/wp-content\/uploads\/2016\/10\/PERNO-LI-FONT-Pose-de-Menuiseries-Carpentras-300x200.jpg\" alt=\"PERNO LI FONT pose de menuiseries \u00e0 Carpentras\" width=\"300\" height=\"200\" srcset=\"https:\/\/pernolifont.fr\/wp-content\/uploads\/2016\/10\/PERNO-LI-FONT-Pose-de-Menuiseries-Carpentras-300x200.jpg 300w, https:\/\/pernolifont.fr\/wp-content\/uploads\/2016\/10\/PERNO-LI-FONT-Pose-de-Menuiseries-Carpentras-230x154.jpg 230w, https:\/\/pernolifont.fr\/wp-content\/uploads\/2016\/10\/PERNO-LI-FONT-Pose-de-Menuiseries-Carpentras-350x234.jpg 350w, https:\/\/pernolifont.fr\/wp-content\/uploads\/2016\/10\/PERNO-LI-FONT-Pose-de-Menuiseries-Carpentras.jpg 424w\" sizes=\"(max-width: 300px) 100vw, 300px\" \/><\/a><figcaption id=\"caption-attachment-90\" class=\"wp-caption-text\">Fen\u00eatre \u00e0 double vitrage remplac\u00e9e par un ch\u00e2ssis fixe pour optimiser les apports de lumi\u00e8re, isolation du plafond par les combles et murs enduits de mat\u00e9riaux respirants sur une isolation renforc\u00e9e<\/figcaption><\/figure>\n<\/div>\n<div class=\"csColumnGap\" style=\"margin: 0px; padding: 0px; width: 1.56%; float: left;\"><img style=\"border: medium;\" src=\"http:\/\/pernolifont.fr\/wp-content\/plugins\/advanced-wp-columns\/assets\/js\/plugins\/views\/img\/1x1-pixel.png\" \/><\/div>\n<div class=\"csColumn\" style=\"margin: 0px; padding: 0px; width: 31.3%; float: left;\" data-csstartpoint=\"330\" data-csendpoint=\"630\" data-cswidth=\"31.3%\" data-csid=\"23595ebd-73c5-d847-845b-8743d8e0d6ca\">\n<figure id=\"attachment_91\" aria-describedby=\"caption-attachment-91\" style=\"width: 201px\" class=\"wp-caption aligncenter\"><a href=\"http:\/\/pernolifont.fr\/wp-content\/uploads\/2016\/10\/PERNO-LI-FONT-menuiserie-Avignon.jpg\"><img loading=\"lazy\" class=\"size-medium wp-image-91\" src=\"http:\/\/pernolifont.fr\/wp-content\/uploads\/2016\/10\/PERNO-LI-FONT-menuiserie-Avignon-201x300.jpg\" alt=\"PERNO LI FONT menuiserie Avignon\" width=\"201\" height=\"300\" srcset=\"https:\/\/pernolifont.fr\/wp-content\/uploads\/2016\/10\/PERNO-LI-FONT-menuiserie-Avignon-201x300.jpg 201w, https:\/\/pernolifont.fr\/wp-content\/uploads\/2016\/10\/PERNO-LI-FONT-menuiserie-Avignon-230x344.jpg 230w, https:\/\/pernolifont.fr\/wp-content\/uploads\/2016\/10\/PERNO-LI-FONT-menuiserie-Avignon.jpg 283w\" sizes=\"(max-width: 201px) 100vw, 201px\" \/><\/a><figcaption id=\"caption-attachment-91\" class=\"wp-caption-text\">Pose menuiseries en r\u00e9novation<\/figcaption><\/figure>\n<\/div>\n<div class=\"csColumnGap\" style=\"margin: 0px; padding: 0px; width: 1.56%; float: left;\"><img style=\"border: medium;\" src=\"http:\/\/pernolifont.fr\/wp-content\/plugins\/advanced-wp-columns\/assets\/js\/plugins\/views\/img\/1x1-pixel.png\" \/><\/div>\n<div class=\"csColumn\" style=\"margin: 0px; padding: 0px; width: 31.3%; float: left;\" data-csstartpoint=\"645\" data-csendpoint=\"945\" data-cswidth=\"31.3%\" data-csid=\"ce259c4a-4e57-a063-8108-04bb20fd4ea0\">\n<figure id=\"attachment_89\" aria-describedby=\"caption-attachment-89\" style=\"width: 300px\" class=\"wp-caption aligncenter\"><a href=\"http:\/\/pernolifont.fr\/wp-content\/uploads\/2016\/10\/PERNO-LI-FONT-menuiserie-Carpentras.jpg\"><img loading=\"lazy\" class=\"size-medium wp-image-89\" src=\"http:\/\/pernolifont.fr\/wp-content\/uploads\/2016\/10\/PERNO-LI-FONT-menuiserie-Carpentras-300x200.jpg\" alt=\"PERNO LI FONT Pose de Menuiseries Carpentras\" width=\"300\" height=\"200\" srcset=\"https:\/\/pernolifont.fr\/wp-content\/uploads\/2016\/10\/PERNO-LI-FONT-menuiserie-Carpentras-300x200.jpg 300w, https:\/\/pernolifont.fr\/wp-content\/uploads\/2016\/10\/PERNO-LI-FONT-menuiserie-Carpentras-230x154.jpg 230w, https:\/\/pernolifont.fr\/wp-content\/uploads\/2016\/10\/PERNO-LI-FONT-menuiserie-Carpentras-350x234.jpg 350w, https:\/\/pernolifont.fr\/wp-content\/uploads\/2016\/10\/PERNO-LI-FONT-menuiserie-Carpentras.jpg 424w\" sizes=\"(max-width: 300px) 100vw, 300px\" \/><\/a><figcaption id=\"caption-attachment-89\" class=\"wp-caption-text\">Pose de menuiseries sur mesure<\/figcaption><\/figure>\n<\/div>\n<div class=\"csColumnGap\" style=\"margin: 0px; padding: 0px; width: 1.56%; float: left;\"><img style=\"border: medium;\" src=\"http:\/\/pernolifont.fr\/wp-content\/plugins\/advanced-wp-columns\/assets\/js\/plugins\/views\/img\/1x1-pixel.png\" \/><\/div>\n<div style=\"width: 0px; line-height: 0; clear: both; font-size: 0px; display: block; visibility: hidden; float: none;\"><\/div>\n<\/div>\n<p>&nbsp;<\/p>\n<p><u><b>Nos Prestations :<\/b><\/u><\/p>\n<p>-Pose de menuiserie \u00e0 Carpentras, Avignon, Orange ou Cavaillon,<\/p>\n<p>-Pose de fen\u00eatres standard, alu, pvc ou bois \u00e0 Carpentras, Avignon, Orange ou Cavaillon,<\/p>\n<p>-Pose de fen\u00eatres sur mesure \u00e0 Carpentras, Avignon, Orange ou Cavaillon,<\/p>\n<p>-Pose de portes fen\u00eatres \u00e0 Carpentras, Avignon, Orange ou Cavaillon,<\/p>\n<p>-Pose de volets \u00e0 Carpentras, Avignon, Orange ou Cavaillon,<\/p>\n<p>-Pose de baies vitr\u00e9es \u00e0 Carpentras, Avignon, Orange ou Cavaillon,<\/p>\n<p>-Pose de v\u00e9randas \u00e0 Carpentras, Avignon, Orange ou Cavaillon,<\/p>\n<p>-Pose de portes alu, pvc ou bois \u00e0 Carpentras, Avignon, Orange ou Cavaillon,<\/p>\n<p>-Pose de portes de garage \u00e0 Carpentras, Avignon, Orange ou Cavaillon,<\/p>\n","protected":false},"excerpt":{"rendered":"<p>Vous recherchez une entreprise pour la fourniture et la pose de menuiseries sur Carpentras, Avignon, Orange ou Cavaillon? PERNO LI FONT est sp\u00e9cialis\u00e9 dans la pose de fen\u00eatres, portes fen\u00eatres, baies vitr\u00e9es et autres menuiseries en Aluminium, PVC ou bois. PERNO LI FONT assure la pose en neuf et en r\u00e9novation. Nos r\u00e9alisations : &nbsp; [&hellip;]<\/p>\n","protected":false},"author":1,"featured_media":0,"parent":0,"menu_order":0,"comment_status":"closed","ping_status":"closed","template":"","meta":[],"_links":{"self":[{"href":"https:\/\/pernolifont.fr\/index.php\/wp-json\/wp\/v2\/pages\/85"}],"collection":[{"href":"https:\/\/pernolifont.fr\/index.php\/wp-json\/wp\/v2\/pages"}],"about":[{"href":"https:\/\/pernolifont.fr\/index.php\/wp-json\/wp\/v2\/types\/page"}],"author":[{"embeddable":true,"href":"https:\/\/pernolifont.fr\/index.php\/wp-json\/wp\/v2\/users\/1"}],"replies":[{"embeddable":true,"href":"https:\/\/pernolifont.fr\/index.php\/wp-json\/wp\/v2\/comments?post=85"}],"version-history":[{"count":4,"href":"https:\/\/pernolifont.fr\/index.php\/wp-json\/wp\/v2\/pages\/85\/revisions"}],"predecessor-version":[{"id":92,"href":"https:\/\/pernolifont.fr\/index.php\/wp-json\/wp\/v2\/pages\/85\/revisions\/92"}],"wp:attachment":[{"href":"https:\/\/pernolifont.fr\/index.php\/wp-json\/wp\/v2\/media?parent=85"}],"curies":[{"name":"wp","href":"https:\/\/api.w.org\/{rel}","templated":true}]}}