{"id":75,"date":"2016-10-18T12:03:58","date_gmt":"2016-10-18T10:03:58","guid":{"rendered":"http:\/\/pernolifont.fr\/?page_id=75"},"modified":"2016-10-18T12:13:35","modified_gmt":"2016-10-18T10:13:35","slug":"peinture","status":"publish","type":"page","link":"https:\/\/pernolifont.fr\/index.php\/peinture\/","title":{"rendered":"Peinture"},"content":{"rendered":"<h1>Vous recherchez un peintre en b\u00e2timent sur Carpentras, Avignon, Orange ou Cavaillon?<\/h1>\n<p>PERNO LI FONT est sp\u00e9cialis\u00e9 dans les travaux de peinture int\u00e9rieure en neuf ou en r\u00e9novation.<\/p>\n<p>&nbsp;<\/p>\n<p><span style=\"text-decoration: underline;\"><strong>Nos r\u00e9alisations :<\/strong><\/span><\/p>\n<div class=\"csRow\">\n<div class=\"csColumnGap\" style=\"margin: 0px; padding: 0px; width: 1.56%; float: left;\"><img style=\"border: medium;\" src=\"http:\/\/pernolifont.fr\/wp-content\/plugins\/advanced-wp-columns\/assets\/js\/plugins\/views\/img\/1x1-pixel.png\" \/><\/div>\n<div class=\"csColumn\" style=\"margin: 0px; padding: 0px; width: 23%; float: left;\" data-csstartpoint=\"15\" data-csendpoint=\"236.25\" data-cswidth=\"23.0%\" data-csid=\"74db69f5-2a3a-d3de-b45b-ae7315b009a2\">\n<figure id=\"attachment_78\" aria-describedby=\"caption-attachment-78\" style=\"width: 300px\" class=\"wp-caption alignnone\"><a href=\"http:\/\/pernolifont.fr\/wp-content\/uploads\/2016\/10\/PERNO-LI-FONT-realisation-peinture-Carpentras.jpg\"><img loading=\"lazy\" class=\"size-medium wp-image-78\" src=\"http:\/\/pernolifont.fr\/wp-content\/uploads\/2016\/10\/PERNO-LI-FONT-realisation-peinture-Carpentras-300x199.jpg\" alt=\"PERNO LI FONT realisation peinture Carpentras\" width=\"300\" height=\"199\" srcset=\"https:\/\/pernolifont.fr\/wp-content\/uploads\/2016\/10\/PERNO-LI-FONT-realisation-peinture-Carpentras-300x199.jpg 300w, https:\/\/pernolifont.fr\/wp-content\/uploads\/2016\/10\/PERNO-LI-FONT-realisation-peinture-Carpentras-230x153.jpg 230w, https:\/\/pernolifont.fr\/wp-content\/uploads\/2016\/10\/PERNO-LI-FONT-realisation-peinture-Carpentras-350x232.jpg 350w, https:\/\/pernolifont.fr\/wp-content\/uploads\/2016\/10\/PERNO-LI-FONT-realisation-peinture-Carpentras.jpg 425w\" sizes=\"(max-width: 300px) 100vw, 300px\" \/><\/a><figcaption id=\"caption-attachment-78\" class=\"wp-caption-text\">Travaux de peinture sur Carpentras<\/figcaption><\/figure>\n<\/div>\n<div class=\"csColumnGap\" style=\"margin: 0px; padding: 0px; width: 1.56%; float: left;\"><img style=\"border: medium;\" src=\"http:\/\/pernolifont.fr\/wp-content\/plugins\/advanced-wp-columns\/assets\/js\/plugins\/views\/img\/1x1-pixel.png\" \/><\/div>\n<div class=\"csColumn\" style=\"margin: 0px; padding: 0px; width: 23%; float: left;\" data-csstartpoint=\"251.25\" data-csendpoint=\"472.5\" data-cswidth=\"23.0%\" data-csid=\"c645a249-87f4-f57f-99f4-c344557916db\">\n<figure id=\"attachment_79\" aria-describedby=\"caption-attachment-79\" style=\"width: 300px\" class=\"wp-caption alignnone\"><a href=\"http:\/\/pernolifont.fr\/wp-content\/uploads\/2016\/10\/PERNO-LI-FONT-peintre-Carpentras.jpg\"><img loading=\"lazy\" class=\"size-medium wp-image-79\" src=\"http:\/\/pernolifont.fr\/wp-content\/uploads\/2016\/10\/PERNO-LI-FONT-peintre-Carpentras-300x200.jpg\" alt=\"PERNO LI FONT peintre Carpentras\" width=\"300\" height=\"200\" srcset=\"https:\/\/pernolifont.fr\/wp-content\/uploads\/2016\/10\/PERNO-LI-FONT-peintre-Carpentras-300x200.jpg 300w, https:\/\/pernolifont.fr\/wp-content\/uploads\/2016\/10\/PERNO-LI-FONT-peintre-Carpentras-230x154.jpg 230w, https:\/\/pernolifont.fr\/wp-content\/uploads\/2016\/10\/PERNO-LI-FONT-peintre-Carpentras-350x234.jpg 350w, https:\/\/pernolifont.fr\/wp-content\/uploads\/2016\/10\/PERNO-LI-FONT-peintre-Carpentras.jpg 424w\" sizes=\"(max-width: 300px) 100vw, 300px\" \/><\/a><figcaption id=\"caption-attachment-79\" class=\"wp-caption-text\">Choix des couleurs<\/figcaption><\/figure>\n<\/div>\n<div class=\"csColumnGap\" style=\"margin: 0px; padding: 0px; width: 1.56%; float: left;\"><img style=\"border: medium;\" src=\"http:\/\/pernolifont.fr\/wp-content\/plugins\/advanced-wp-columns\/assets\/js\/plugins\/views\/img\/1x1-pixel.png\" \/><\/div>\n<div class=\"csColumn\" style=\"margin: 0px; padding: 0px; width: 23%; float: left;\" data-csstartpoint=\"487.5\" data-csendpoint=\"708.75\" data-cswidth=\"23.0%\" data-csid=\"b1d84bc7-6129-fe41-a42b-54b156d44b8f\">\n<figure id=\"attachment_80\" aria-describedby=\"caption-attachment-80\" style=\"width: 300px\" class=\"wp-caption alignnone\"><a href=\"http:\/\/pernolifont.fr\/wp-content\/uploads\/2016\/10\/PERNO-LI-FONT-peintre-Avignon.jpg\"><img loading=\"lazy\" class=\"size-medium wp-image-80\" src=\"http:\/\/pernolifont.fr\/wp-content\/uploads\/2016\/10\/PERNO-LI-FONT-peintre-Avignon-300x200.jpg\" alt=\"PERNO LI FONT peintre Avignon\" width=\"300\" height=\"200\" srcset=\"https:\/\/pernolifont.fr\/wp-content\/uploads\/2016\/10\/PERNO-LI-FONT-peintre-Avignon-300x200.jpg 300w, https:\/\/pernolifont.fr\/wp-content\/uploads\/2016\/10\/PERNO-LI-FONT-peintre-Avignon-230x154.jpg 230w, https:\/\/pernolifont.fr\/wp-content\/uploads\/2016\/10\/PERNO-LI-FONT-peintre-Avignon-350x234.jpg 350w, https:\/\/pernolifont.fr\/wp-content\/uploads\/2016\/10\/PERNO-LI-FONT-peintre-Avignon.jpg 424w\" sizes=\"(max-width: 300px) 100vw, 300px\" \/><\/a><figcaption id=\"caption-attachment-80\" class=\"wp-caption-text\">Peinture au plafond<\/figcaption><\/figure>\n<\/div>\n<div class=\"csColumnGap\" style=\"margin: 0px; padding: 0px; width: 1.56%; float: left;\"><img style=\"border: medium;\" src=\"http:\/\/pernolifont.fr\/wp-content\/plugins\/advanced-wp-columns\/assets\/js\/plugins\/views\/img\/1x1-pixel.png\" \/><\/div>\n<div class=\"csColumn\" style=\"margin: 0px; padding: 0px; width: 23%; float: left;\" data-csstartpoint=\"723.75\" data-csendpoint=\"945\" data-cswidth=\"23.0%\" data-csid=\"9011d7cd-eb6e-8920-8ba2-56dde70dd485\">\n<figure id=\"attachment_81\" aria-describedby=\"caption-attachment-81\" style=\"width: 300px\" class=\"wp-caption alignnone\"><a href=\"http:\/\/pernolifont.fr\/wp-content\/uploads\/2016\/10\/20151211_105142.jpg\"><img loading=\"lazy\" class=\"size-medium wp-image-81\" src=\"http:\/\/pernolifont.fr\/wp-content\/uploads\/2016\/10\/20151211_105142-300x169.jpg\" alt=\"PERNO LI FONT peintre Vaucluse\" width=\"300\" height=\"169\" srcset=\"https:\/\/pernolifont.fr\/wp-content\/uploads\/2016\/10\/20151211_105142-300x169.jpg 300w, https:\/\/pernolifont.fr\/wp-content\/uploads\/2016\/10\/20151211_105142-768x432.jpg 768w, https:\/\/pernolifont.fr\/wp-content\/uploads\/2016\/10\/20151211_105142-1024x576.jpg 1024w, https:\/\/pernolifont.fr\/wp-content\/uploads\/2016\/10\/20151211_105142-830x467.jpg 830w, https:\/\/pernolifont.fr\/wp-content\/uploads\/2016\/10\/20151211_105142-230x129.jpg 230w, https:\/\/pernolifont.fr\/wp-content\/uploads\/2016\/10\/20151211_105142-350x197.jpg 350w, https:\/\/pernolifont.fr\/wp-content\/uploads\/2016\/10\/20151211_105142-480x270.jpg 480w\" sizes=\"(max-width: 300px) 100vw, 300px\" \/><\/a><figcaption id=\"caption-attachment-81\" class=\"wp-caption-text\">Peinture des menuiseries en atelier<\/figcaption><\/figure>\n<\/div>\n<div class=\"csColumnGap\" style=\"margin: 0px; padding: 0px; width: 1.56%; float: left;\"><img style=\"border: medium;\" src=\"http:\/\/pernolifont.fr\/wp-content\/plugins\/advanced-wp-columns\/assets\/js\/plugins\/views\/img\/1x1-pixel.png\" \/><\/div>\n<div style=\"width: 0px; line-height: 0; clear: both; font-size: 0px; display: block; visibility: hidden; float: none;\"><\/div>\n<\/div>\n<p>&nbsp;<\/p>\n<p><u><b>Nos Prestations :<\/b><\/u><\/p>\n<p>-Travaux de peinture des murs et plafonds \u00e0 Carpentras, Avignon, Orange ou Cavaillon,<\/p>\n<p>-D\u00e9coration int\u00e9rieure \u00e0 Carpentras, Avignon, Orange ou Cavaillon,<\/p>\n","protected":false},"excerpt":{"rendered":"<p>Vous recherchez un peintre en b\u00e2timent sur Carpentras, Avignon, Orange ou Cavaillon? PERNO LI FONT est sp\u00e9cialis\u00e9 dans les travaux de peinture int\u00e9rieure en neuf ou en r\u00e9novation. &nbsp; Nos r\u00e9alisations : &nbsp; Nos Prestations : -Travaux de peinture des murs et plafonds \u00e0 Carpentras, Avignon, Orange ou Cavaillon, -D\u00e9coration int\u00e9rieure \u00e0 Carpentras, Avignon, Orange [&hellip;]<\/p>\n","protected":false},"author":1,"featured_media":0,"parent":0,"menu_order":0,"comment_status":"closed","ping_status":"closed","template":"","meta":[],"_links":{"self":[{"href":"https:\/\/pernolifont.fr\/index.php\/wp-json\/wp\/v2\/pages\/75"}],"collection":[{"href":"https:\/\/pernolifont.fr\/index.php\/wp-json\/wp\/v2\/pages"}],"about":[{"href":"https:\/\/pernolifont.fr\/index.php\/wp-json\/wp\/v2\/types\/page"}],"author":[{"embeddable":true,"href":"https:\/\/pernolifont.fr\/index.php\/wp-json\/wp\/v2\/users\/1"}],"replies":[{"embeddable":true,"href":"https:\/\/pernolifont.fr\/index.php\/wp-json\/wp\/v2\/comments?post=75"}],"version-history":[{"count":3,"href":"https:\/\/pernolifont.fr\/index.php\/wp-json\/wp\/v2\/pages\/75\/revisions"}],"predecessor-version":[{"id":82,"href":"https:\/\/pernolifont.fr\/index.php\/wp-json\/wp\/v2\/pages\/75\/revisions\/82"}],"wp:attachment":[{"href":"https:\/\/pernolifont.fr\/index.php\/wp-json\/wp\/v2\/media?parent=75"}],"curies":[{"name":"wp","href":"https:\/\/api.w.org\/{rel}","templated":true}]}}