{"id":11,"date":"2016-10-16T18:35:33","date_gmt":"2016-10-16T16:35:33","guid":{"rendered":"http:\/\/pernolifont.fr\/?page_id=11"},"modified":"2016-10-18T21:20:09","modified_gmt":"2016-10-18T19:20:09","slug":"accueil","status":"publish","type":"page","link":"https:\/\/pernolifont.fr\/","title":{"rendered":"Accueil"},"content":{"rendered":"<h1><b>Vous recherchez un plaquiste, sp\u00e9cialiste de la r\u00e9novation, de l\u2019isolation des combles et de la pose de fen\u00eatres sur Carpentras, Avignon, Orange ou Cavaillon?<\/b><\/h1>\n<p>L&#8217;entreprise PERNO LI FONT, situ\u00e9e \u00e0 Pernes Les Fontaines, vous accompagne dans tous vos travaux de pl\u00e2treries, d\u2019isolation et pose de menuiserie.<\/p>\n<p>Fort d\u2019une exp\u00e9rience de plus de 20 ans et d\u2019une centaine de chantiers par an, PERNO LI FONT est \u00e0 votre \u00e9coute pour que votre projet soit un investissement p\u00e9renne.<\/p>\n<div class=\"csRow\">\n<div class=\"csColumnGap\" style=\"margin: 0px; padding: 0px; width: 1.56%; float: left;\"><img style=\"border: medium;\" src=\"http:\/\/pernolifont.fr\/wp-content\/plugins\/advanced-wp-columns\/assets\/js\/plugins\/views\/img\/1x1-pixel.png\" \/><\/div>\n<div class=\"csColumn\" style=\"margin: 0px; padding: 0px; width: 47.7%; float: left;\" data-csid=\"6077ae62-7141-281e-9af8-8cb276b94e84\" data-cswidth=\"47.7%\" data-csendpoint=\"472.5\" data-csstartpoint=\"15\">\n<figure id=\"attachment_35\" aria-describedby=\"caption-attachment-35\" style=\"width: 409px\" class=\"wp-caption aligncenter\"><a href=\"http:\/\/pernolifont.fr\/wp-content\/uploads\/2016\/10\/PERNO-LI-FONT-realisation-1.jpg\"><img loading=\"lazy\" class=\"wp-image-35 size-full\" src=\"http:\/\/pernolifont.fr\/wp-content\/uploads\/2016\/10\/PERNO-LI-FONT-realisation-1.jpg\" alt=\"PERNO LI FONT travaux de R\u00e9novation \u00e0 Carpentras\" width=\"409\" height=\"294\" srcset=\"https:\/\/pernolifont.fr\/wp-content\/uploads\/2016\/10\/PERNO-LI-FONT-realisation-1.jpg 409w, https:\/\/pernolifont.fr\/wp-content\/uploads\/2016\/10\/PERNO-LI-FONT-realisation-1-300x216.jpg 300w, https:\/\/pernolifont.fr\/wp-content\/uploads\/2016\/10\/PERNO-LI-FONT-realisation-1-230x165.jpg 230w, https:\/\/pernolifont.fr\/wp-content\/uploads\/2016\/10\/PERNO-LI-FONT-realisation-1-350x252.jpg 350w\" sizes=\"(max-width: 409px) 100vw, 409px\" \/><\/a><figcaption id=\"caption-attachment-35\" class=\"wp-caption-text\">PERNO LI FONT travaux de R\u00e9novation \u00e0 Carpentras<\/figcaption><\/figure>\n<\/div>\n<div class=\"csColumnGap\" style=\"margin: 0px; padding: 0px; width: 1.56%; float: left;\"><img style=\"border: medium;\" src=\"http:\/\/pernolifont.fr\/wp-content\/plugins\/advanced-wp-columns\/assets\/js\/plugins\/views\/img\/1x1-pixel.png\" \/><\/div>\n<div class=\"csColumn\" style=\"margin: 0px; padding: 0px; width: 47.7%; float: left;\" data-csid=\"d0ff4d7c-321f-fa28-ab29-69fc7a537bdd\" data-cswidth=\"47.7%\" data-csendpoint=\"945\" data-csstartpoint=\"487.5\">\n<figure id=\"attachment_37\" aria-describedby=\"caption-attachment-37\" style=\"width: 424px\" class=\"wp-caption aligncenter\"><a href=\"http:\/\/pernolifont.fr\/wp-content\/uploads\/2016\/10\/PERNO-LI-FONT-plaquiste-Avignon.jpg\"><img loading=\"lazy\" class=\"wp-image-37 size-full\" src=\"http:\/\/pernolifont.fr\/wp-content\/uploads\/2016\/10\/PERNO-LI-FONT-plaquiste-Avignon.jpg\" alt=\"PERNO LI FONT Plaquiste \u00e0 Carpentras\" width=\"424\" height=\"283\" srcset=\"https:\/\/pernolifont.fr\/wp-content\/uploads\/2016\/10\/PERNO-LI-FONT-plaquiste-Avignon.jpg 424w, https:\/\/pernolifont.fr\/wp-content\/uploads\/2016\/10\/PERNO-LI-FONT-plaquiste-Avignon-300x200.jpg 300w, https:\/\/pernolifont.fr\/wp-content\/uploads\/2016\/10\/PERNO-LI-FONT-plaquiste-Avignon-230x154.jpg 230w, https:\/\/pernolifont.fr\/wp-content\/uploads\/2016\/10\/PERNO-LI-FONT-plaquiste-Avignon-350x234.jpg 350w\" sizes=\"(max-width: 424px) 100vw, 424px\" \/><\/a><figcaption id=\"caption-attachment-37\" class=\"wp-caption-text\">PERNO LI FONT Plaquiste \u00e0 Carpentras<\/figcaption><\/figure>\n<\/div>\n<div class=\"csColumnGap\" style=\"margin: 0px; padding: 0px; width: 1.56%; float: left;\"><img style=\"border: medium;\" src=\"http:\/\/pernolifont.fr\/wp-content\/plugins\/advanced-wp-columns\/assets\/js\/plugins\/views\/img\/1x1-pixel.png\" \/><\/div>\n<div style=\"width: 0px; line-height: 0; clear: both; font-size: 0px; display: block; visibility: hidden; float: none;\"><\/div>\n<\/div>\n<h2><b>Vous recherchez une entreprise RGE sur Carpentras<\/b><b>, Avignon, Orange ou Cavaillon<\/b><b>?<\/b><\/h2>\n<div class=\"csRow\">\n<div class=\"csColumnGap\" style=\"margin: 0px; padding: 0px; width: 1.56%; float: left;\"><img style=\"border: medium;\" src=\"http:\/\/pernolifont.fr\/wp-content\/plugins\/advanced-wp-columns\/assets\/js\/plugins\/views\/img\/1x1-pixel.png\" \/><\/div>\n<div class=\"csColumn\" style=\"margin: 0px; padding: 0px; width: 15.7%; float: left;\" data-csid=\"74328eed-2284-9f8d-bf9a-bcef57391af9\" data-cswidth=\"15.7%\" data-csendpoint=\"165.5\" data-csstartpoint=\"15\">\n<figure id=\"attachment_39\" aria-describedby=\"caption-attachment-39\" style=\"width: 198px\" class=\"wp-caption alignnone\"><a href=\"http:\/\/pernolifont.fr\/wp-content\/uploads\/2016\/10\/PERNO-LI-FONT-RGE.jpg\"><img loading=\"lazy\" class=\"size-medium wp-image-39\" src=\"http:\/\/pernolifont.fr\/wp-content\/uploads\/2016\/10\/PERNO-LI-FONT-RGE-198x300.jpg\" alt=\"PERNO LI FONT entreprise RGE sur Carpentras\" width=\"198\" height=\"300\" srcset=\"https:\/\/pernolifont.fr\/wp-content\/uploads\/2016\/10\/PERNO-LI-FONT-RGE-198x300.jpg 198w, https:\/\/pernolifont.fr\/wp-content\/uploads\/2016\/10\/PERNO-LI-FONT-RGE-230x349.jpg 230w, https:\/\/pernolifont.fr\/wp-content\/uploads\/2016\/10\/PERNO-LI-FONT-RGE.jpg 306w\" sizes=\"(max-width: 198px) 100vw, 198px\" \/><\/a><figcaption id=\"caption-attachment-39\" class=\"wp-caption-text\">PERNO LI FONT<br \/>RGE N\u00b0E141289<\/figcaption><\/figure>\n<\/div>\n<div class=\"csColumnGap\" style=\"margin: 0px; padding: 0px; width: 2.29%; float: left;\"><img style=\"border: medium;\" src=\"http:\/\/pernolifont.fr\/wp-content\/plugins\/advanced-wp-columns\/assets\/js\/plugins\/views\/img\/1x1-pixel.png\" \/><\/div>\n<div class=\"csColumn\" style=\"margin: 0px; padding: 0px; width: 78.9%; float: left;\" data-csid=\"9d4c5571-699f-a7ec-b427-e7335e2d4841\" data-cswidth=\"78.9%\" data-csendpoint=\"945\" data-csstartpoint=\"187.5\">\n<p>La mention \u00ab\u00a0RGE\u00a0\u00bb (Reconnu Garant de l\u2019Environnement) atteste des comp\u00e9tences de l\u2019entreprise pour les travaux de r\u00e9novation \u00e9nerg\u00e9tique. Elle seule permet aux clients d\u2019obtenir les aides financi\u00e8res, cr\u00e9dits d\u2019imp\u00f4t et \u00e9co-pr\u00eats \u00e0 taux z\u00e9ro pour les travaux.<\/p>\n<p style=\"text-align: center;\">(<a href=\"http:\/\/qualitpe.fr\/tout-savoir-sur-les-aides-financieres-et-credits-dimpot\/\" target=\"_blank\"><span style=\"color: #339966;\"><strong>Tout savoir sur les aides financi\u00e8res et cr\u00e9dits d&#8217;imp\u00f4ts<\/strong><\/span><\/a>)<\/p>\n<p>PERNO LI FONT est qualifi\u00e9e et certifi\u00e9e RGE sous le N\u00b0E141289 pour les domaines suivants :<\/p>\n<p>&#8211;<u>Isolation thermique par l\u2019int\u00e9rieur :<\/u><\/p>\n<p>Pose de mat\u00e9riaux d\u2019isolation thermique des parois opaques, pour ce qui concerne les murs en fa\u00e7ade, en pignon, les planchers bas, les toitures terrasses, les planchers de combles perdus, les rampants de toiture et les plafonds de combles.<\/p>\n<p>&#8211;<u>Fourniture et pose de menuiseries ext\u00e9rieures :<\/u><\/p>\n<p>Pose de mat\u00e9riaux d\u2019isolation thermique des parois vitr\u00e9es, de volets isolants et de portes d\u2019entr\u00e9e donnant sur l\u2019ext\u00e9rieur.<\/p>\n<\/div>\n<div class=\"csColumnGap\" style=\"margin: 0px; padding: 0px; width: 1.56%; float: left;\"><img style=\"border: medium;\" src=\"http:\/\/pernolifont.fr\/wp-content\/plugins\/advanced-wp-columns\/assets\/js\/plugins\/views\/img\/1x1-pixel.png\" \/><\/div>\n<div style=\"width: 0px; line-height: 0; clear: both; font-size: 0px; display: block; visibility: hidden; float: none;\"><\/div>\n<\/div>\n<p>Certifi\u00e9 RGE depuis janvier 2016, PERNO LI FONT s\u2019est engag\u00e9 dans un programme de r\u00e9novation thermique pour porter des logements anciens jusqu\u2019au niveau de consommation d\u2019\u00e9nergie souhait\u00e9.<\/p>\n<p>PERNO LI FONT montre beaucoup d\u2019implication pour la performance thermique et s\u2019av\u00e8re tr\u00e8s pertinent, avec des solutions r\u00e9ellement \u00e9conomiques.<\/p>\n<p style=\"text-align: center;\"><a href=\"http:\/\/pernolifont.fr\/index.php\/baisser-consommation-denergie\/\" target=\"_blank\">Comment baisser sa consommation d\u2019\u00e9nergie?<\/a><\/p>\n<p style=\"text-align: center;\"><a href=\"http:\/\/pernolifont.fr\/index.php\/pourquoi-la-renovation-thermique\/\" target=\"_blank\">Pourquoi la r\u00e9novation thermique?<\/a><\/p>\n<p style=\"text-align: center;\"><a href=\"http:\/\/pernolifont.fr\/index.php\/faut-savoir-dentreprendre-travaux-de-renovation\/\" target=\"_blank\">Que faut-il savoir avant d\u2019entreprendre des travaux de r\u00e9novation?<\/a><\/p>\n<p>Nos services s\u2019adressent aux particuliers, professionnels et collectivit\u00e9s.<\/p>\n<p>PERNO LI FONT attache une grande importance au respect des d\u00e9lais, des r\u00e8gles d\u2019hygi\u00e8ne et s\u00e9curit\u00e9.<\/p>\n<div class=\"csRow\">\n<div class=\"csColumnGap\" style=\"margin: 0px; padding: 0px; width: 1.56%; float: left;\"><img style=\"border: medium;\" src=\"http:\/\/pernolifont.fr\/wp-content\/plugins\/advanced-wp-columns\/assets\/js\/plugins\/views\/img\/1x1-pixel.png\" \/><\/div>\n<div class=\"csColumn\" style=\"margin: 0px; padding: 0px; width: 17.9%; float: left;\" data-csid=\"873bafa2-1981-883d-ac0c-1620c9d12c00\" data-cswidth=\"17.9%\" data-csendpoint=\"187\" data-csstartpoint=\"15\"><\/div>\n<div class=\"csColumn\" style=\"margin: 0px; padding: 0px; width: 62.4%; float: left;\" data-csid=\"a699f53b-a1a9-6b17-b69c-eba347652c8a\" data-cswidth=\"62.4%\" data-csendpoint=\"786\" data-csstartpoint=\"187\">\n<p style=\"text-align: center;\"><a href=\"http:\/\/pernolifont.fr\/wp-content\/uploads\/2016\/10\/20151209_094400.jpg\"><img loading=\"lazy\" class=\"alignnone size-medium wp-image-47\" src=\"http:\/\/pernolifont.fr\/wp-content\/uploads\/2016\/10\/20151209_094400-300x169.jpg\" alt=\"PERNO LI FONT - Yves Salvador\" width=\"300\" height=\"169\" srcset=\"https:\/\/pernolifont.fr\/wp-content\/uploads\/2016\/10\/20151209_094400-300x169.jpg 300w, https:\/\/pernolifont.fr\/wp-content\/uploads\/2016\/10\/20151209_094400-768x432.jpg 768w, https:\/\/pernolifont.fr\/wp-content\/uploads\/2016\/10\/20151209_094400-1024x576.jpg 1024w, https:\/\/pernolifont.fr\/wp-content\/uploads\/2016\/10\/20151209_094400-830x467.jpg 830w, https:\/\/pernolifont.fr\/wp-content\/uploads\/2016\/10\/20151209_094400-230x129.jpg 230w, https:\/\/pernolifont.fr\/wp-content\/uploads\/2016\/10\/20151209_094400-350x197.jpg 350w, https:\/\/pernolifont.fr\/wp-content\/uploads\/2016\/10\/20151209_094400-480x270.jpg 480w\" sizes=\"(max-width: 300px) 100vw, 300px\" \/><\/a><\/p>\n<p style=\"text-align: center;\"><strong>Yves SALVADOR<\/strong>, g\u00e9rant de l\u2019entreprise, conscient des risques sur l\u2019environnement, m\u00e8ne une d\u00e9marche et sensibilise son \u00e9quipe sur le plan ECO RESPONSABLE<\/p>\n<\/div>\n<div class=\"csColumnGap\" style=\"margin: 0px; padding: 0px; width: 0.1%; float: left;\"><img style=\"border: medium;\" src=\"http:\/\/pernolifont.fr\/wp-content\/plugins\/advanced-wp-columns\/assets\/js\/plugins\/views\/img\/1x1-pixel.png\" \/><\/div>\n<div class=\"csColumn\" style=\"margin: 0px; padding: 0px; width: 16.5%; float: left;\" data-csid=\"38089208-5da5-ec90-bee6-48f1fd3e6601\" data-cswidth=\"16.5%\" data-csendpoint=\"945\" data-csstartpoint=\"787\"><\/div>\n<div class=\"csColumnGap\" style=\"margin: 0px; padding: 0px; width: 1.56%; float: left;\"><img style=\"border: medium;\" src=\"http:\/\/pernolifont.fr\/wp-content\/plugins\/advanced-wp-columns\/assets\/js\/plugins\/views\/img\/1x1-pixel.png\" \/><\/div>\n<div style=\"width: 0px; line-height: 0; clear: both; font-size: 0px; display: block; visibility: hidden; float: none;\"><\/div>\n<\/div>\n<p><span style=\"text-decoration: underline;\"><b>Nos <\/b><b>services<\/b>\u00a0:<\/span><\/p>\n<p>R\u00e9alisation des travaux du Second-\u0152uvre\u00a0dans les d\u00e9partements du Vaucluse, Gard et Bouches du Rh\u00f4ne :<\/p>\n<p>Cloisonnement, Doublage, Faux Plafond, Isolation, Pose de Menuiserie, Peinture, etc\u2026<\/p>\n<p><span style=\"text-decoration: underline;\"><b>Notre personnel :<\/b><\/span><\/p>\n<p>Notre \u00e9quipe est issue du BTP avec des exp\u00e9riences allant de 10 \u00e0 20 ans.<\/p>\n<p><a href=\"http:\/\/pernolifont.fr\/wp-content\/uploads\/2016\/10\/20160502_073559.jpg\"><img loading=\"lazy\" class=\"aligncenter wp-image-41 size-large\" src=\"http:\/\/pernolifont.fr\/wp-content\/uploads\/2016\/10\/20160502_073559-1024x576.jpg\" alt=\"PERNO LI FONT \u00e0 Pernes les fontaines\" width=\"1024\" height=\"576\" srcset=\"https:\/\/pernolifont.fr\/wp-content\/uploads\/2016\/10\/20160502_073559-1024x576.jpg 1024w, https:\/\/pernolifont.fr\/wp-content\/uploads\/2016\/10\/20160502_073559-300x169.jpg 300w, https:\/\/pernolifont.fr\/wp-content\/uploads\/2016\/10\/20160502_073559-768x432.jpg 768w, https:\/\/pernolifont.fr\/wp-content\/uploads\/2016\/10\/20160502_073559-830x467.jpg 830w, https:\/\/pernolifont.fr\/wp-content\/uploads\/2016\/10\/20160502_073559-230x129.jpg 230w, https:\/\/pernolifont.fr\/wp-content\/uploads\/2016\/10\/20160502_073559-350x197.jpg 350w, https:\/\/pernolifont.fr\/wp-content\/uploads\/2016\/10\/20160502_073559-480x270.jpg 480w\" sizes=\"(max-width: 1024px) 100vw, 1024px\" \/><\/a><\/p>\n","protected":false},"excerpt":{"rendered":"<p>Vous recherchez un plaquiste, sp\u00e9cialiste de la r\u00e9novation, de l\u2019isolation des combles et de la pose de fen\u00eatres sur Carpentras, Avignon, Orange ou Cavaillon? L&#8217;entreprise PERNO LI FONT, situ\u00e9e \u00e0 Pernes Les Fontaines, vous accompagne dans tous vos travaux de pl\u00e2treries, d\u2019isolation et pose de menuiserie. Fort d\u2019une exp\u00e9rience de plus de 20 ans et [&hellip;]<\/p>\n","protected":false},"author":1,"featured_media":0,"parent":0,"menu_order":0,"comment_status":"closed","ping_status":"closed","template":"","meta":[],"_links":{"self":[{"href":"https:\/\/pernolifont.fr\/index.php\/wp-json\/wp\/v2\/pages\/11"}],"collection":[{"href":"https:\/\/pernolifont.fr\/index.php\/wp-json\/wp\/v2\/pages"}],"about":[{"href":"https:\/\/pernolifont.fr\/index.php\/wp-json\/wp\/v2\/types\/page"}],"author":[{"embeddable":true,"href":"https:\/\/pernolifont.fr\/index.php\/wp-json\/wp\/v2\/users\/1"}],"replies":[{"embeddable":true,"href":"https:\/\/pernolifont.fr\/index.php\/wp-json\/wp\/v2\/comments?post=11"}],"version-history":[{"count":16,"href":"https:\/\/pernolifont.fr\/index.php\/wp-json\/wp\/v2\/pages\/11\/revisions"}],"predecessor-version":[{"id":128,"href":"https:\/\/pernolifont.fr\/index.php\/wp-json\/wp\/v2\/pages\/11\/revisions\/128"}],"wp:attachment":[{"href":"https:\/\/pernolifont.fr\/index.php\/wp-json\/wp\/v2\/media?parent=11"}],"curies":[{"name":"wp","href":"https:\/\/api.w.org\/{rel}","templated":true}]}}